{"id":2692,"date":"2021-11-09T14:16:08","date_gmt":"2021-11-09T13:16:08","guid":{"rendered":"https:\/\/www.doncha.si\/?post_type=product&#038;p=2692"},"modified":"2022-09-12T22:12:51","modified_gmt":"2022-09-12T20:12:51","slug":"donchin-brlog-sloncek","status":"publish","type":"product","link":"https:\/\/doncha.si\/en\/shop\/brlogi\/donchin-brlog-sloncek\/","title":{"rendered":"DonChin brlog &#8220;Slon\u010dek&#8221;"},"content":{"rendered":"<p>\u2666 <a href=\"https:\/\/www.doncha.si\/uporaba-nasih-izdelkov-za-zivali-pranje-in-vzdrzevanje\/\">Pranje in vzdr\u017eevanje<\/a><br \/>\n\u2666 <a href=\"https:\/\/doncha.si\/uporaba-donchinega-pohistva-varnost\/\">Uporaba DonChinega pohi\u0161tva \u2013 VARNOST<\/a><\/p>\n<p>&nbsp;<\/p>\n","protected":false},"excerpt":{"rendered":"<p>DonChin&nbsp; brlog + nepremo\u010dljiva blazina<\/p>\n<p><strong>(ostane odprt)<\/strong><\/p>\n<p>Mere ca. : 26(\u0161) x 19(v) x 29(d) cm<\/p>\n<p>Material :&nbsp; Flis (celoten zunanji material), polnilo,&nbsp; PVC trak, v blazini je nepremo\u010dljiv bomba\u017eni material, ki ne prepu\u0161\u010da virusov in bakterij. Vmesni sloj je poliuretanska membrana.&nbsp;<\/p>\n<p>Pralno. Ne prenapolnite pralnega stroja ob pranju.&nbsp;<\/p>\n<p>Po pranju obvezno postaviti v prvotno obliko.&nbsp;<\/p>\n<p><em>Lahko ga tudi obesite za tiste bolj spretne \u017eivalce. Prikazano na fotografiji.&nbsp;<\/em><\/p>\n<p><em>Ponudnik se trudi po najbolj\u0161ih mo\u010deh prikazati&nbsp;izdelke&nbsp;\u010dim bolj&nbsp;realno. Kljub temu pa so mo\u017ena manj\u0161a&nbsp;odstopanja barv.<\/em><\/p>\n","protected":false},"featured_media":2690,"template":"","meta":{"ngg_post_thumbnail":0},"product_brand":[],"product_cat":[27],"product_tag":[],"class_list":{"0":"post-2692","1":"product","2":"type-product","3":"status-publish","4":"has-post-thumbnail","6":"product_cat-brlogi","8":"first","9":"outofstock","10":"shipping-taxable","11":"purchasable","12":"product-type-simple"},"_links":{"self":[{"href":"https:\/\/doncha.si\/en\/wp-json\/wp\/v2\/product\/2692","targetHints":{"allow":["GET"]}}],"collection":[{"href":"https:\/\/doncha.si\/en\/wp-json\/wp\/v2\/product"}],"about":[{"href":"https:\/\/doncha.si\/en\/wp-json\/wp\/v2\/types\/product"}],"wp:featuredmedia":[{"embeddable":true,"href":"https:\/\/doncha.si\/en\/wp-json\/wp\/v2\/media\/2690"}],"wp:attachment":[{"href":"https:\/\/doncha.si\/en\/wp-json\/wp\/v2\/media?parent=2692"}],"wp:term":[{"taxonomy":"product_brand","embeddable":true,"href":"https:\/\/doncha.si\/en\/wp-json\/wp\/v2\/product_brand?post=2692"},{"taxonomy":"product_cat","embeddable":true,"href":"https:\/\/doncha.si\/en\/wp-json\/wp\/v2\/product_cat?post=2692"},{"taxonomy":"product_tag","embeddable":true,"href":"https:\/\/doncha.si\/en\/wp-json\/wp\/v2\/product_tag?post=2692"}],"curies":[{"name":"wp","href":"https:\/\/api.w.org\/{rel}","templated":true}]}}