{"id":1979,"date":"2020-12-15T10:57:44","date_gmt":"2020-12-15T09:57:44","guid":{"rendered":"https:\/\/www.doncha.si\/?post_type=product&#038;p=1979"},"modified":"2021-09-18T18:30:02","modified_gmt":"2021-09-18T16:30:02","slug":"donchin-tunel-zimski","status":"publish","type":"product","link":"https:\/\/doncha.si\/en\/shop\/tuneli\/navadnituneli\/donchin-tunel-zimski\/","title":{"rendered":"DonChin tunel &#8220;Zimski&#8221;"},"content":{"rendered":"<p>\u2666 Zakaj in kdo uporablja DonChin tunel? <a href=\"https:\/\/www.doncha.si\/uporabnost-tunela\/\">Preberi<\/a>!<br \/>\n\u2666 <a href=\"https:\/\/www.doncha.si\/uporaba-nasih-izdelkov-za-zivali-pranje-in-vzdrzevanje\/\">Pranje in vzdr\u017eevanje<\/a><br \/>\n\u2666 <a href=\"https:\/\/doncha.si\/uporaba-donchinega-pohistva-varnost\/\">Uporaba DonChinega pohi\u0161tva \u2013 VARNOST<\/a><\/p>\n<p>&nbsp;<\/p>\n","protected":false},"excerpt":{"rendered":"<p>DonChin tunel z dodatno mehko, nepremo\u010dljivo blazino.<\/p>\n<p>Material: flis, bomba\u017e, pena, polnilo, nepremo\u010dljiva tkanina.&nbsp; Skriti \u0161ivi, pralno.<\/p>\n<p>Velikost tunela ca. 25x31cm<\/p>\n<p>Velikost je primerna npr. za odraslega morskega pra\u0161i\u010dka.&nbsp;<\/p>\n<p>Mo\u017enost namestitve tudi s \u0161\u010dipalkami, ki jih najdete med &#8220;Dodatki&#8221;. Prikaz s fotografijo.&nbsp;<\/p>\n<p><strong>Priporo\u010dam, <\/strong>da tunel po pranju vzamete iz stroja in &#8220;postavite v njegovo obliko&#8221;.<\/p>\n<p><em>Ponudnik se trudi po najbolj\u0161ih mo\u010deh prikazati&nbsp;izdelke&nbsp;\u010dim bolj&nbsp;realno. Kljub temu pa so mo\u017ena manj\u0161a&nbsp;odstopanja barv.<\/em><\/p>\n","protected":false},"featured_media":1976,"template":"","meta":{"ngg_post_thumbnail":0},"product_brand":[],"product_cat":[44],"product_tag":[],"class_list":{"0":"post-1979","1":"product","2":"type-product","3":"status-publish","4":"has-post-thumbnail","6":"product_cat-navadnituneli","8":"first","9":"outofstock","10":"shipping-taxable","11":"purchasable","12":"product-type-simple"},"_links":{"self":[{"href":"https:\/\/doncha.si\/en\/wp-json\/wp\/v2\/product\/1979","targetHints":{"allow":["GET"]}}],"collection":[{"href":"https:\/\/doncha.si\/en\/wp-json\/wp\/v2\/product"}],"about":[{"href":"https:\/\/doncha.si\/en\/wp-json\/wp\/v2\/types\/product"}],"wp:featuredmedia":[{"embeddable":true,"href":"https:\/\/doncha.si\/en\/wp-json\/wp\/v2\/media\/1976"}],"wp:attachment":[{"href":"https:\/\/doncha.si\/en\/wp-json\/wp\/v2\/media?parent=1979"}],"wp:term":[{"taxonomy":"product_brand","embeddable":true,"href":"https:\/\/doncha.si\/en\/wp-json\/wp\/v2\/product_brand?post=1979"},{"taxonomy":"product_cat","embeddable":true,"href":"https:\/\/doncha.si\/en\/wp-json\/wp\/v2\/product_cat?post=1979"},{"taxonomy":"product_tag","embeddable":true,"href":"https:\/\/doncha.si\/en\/wp-json\/wp\/v2\/product_tag?post=1979"}],"curies":[{"name":"wp","href":"https:\/\/api.w.org\/{rel}","templated":true}]}}