{"id":1807,"date":"2020-10-07T12:05:21","date_gmt":"2020-10-07T10:05:21","guid":{"rendered":"https:\/\/www.doncha.si\/?post_type=product&#038;p=1807"},"modified":"2020-12-03T20:03:51","modified_gmt":"2020-12-03T19:03:51","slug":"donchin-tunel-moder","status":"publish","type":"product","link":"https:\/\/doncha.si\/en\/shop\/tuneli\/navadnituneli\/donchin-tunel-moder\/","title":{"rendered":"DonChin tunel &#8220;Moder&#8221;"},"content":{"rendered":"<p>\u2666 Zakaj in kdo uporablja DonChin tunel? <a href=\"https:\/\/www.doncha.si\/uporabnost-tunela\/\">Preberi<\/a>!<br \/>\n\u2666 <a href=\"https:\/\/www.doncha.si\/uporaba-nasih-izdelkov-za-zivali-pranje-in-vzdrzevanje\/\">Pranje in vzdr\u017eevanje<\/a><br \/>\n\u2666 <a href=\"https:\/\/doncha.si\/uporaba-donchinega-pohistva-varnost\/\">Uporaba DonChinega pohi\u0161tva \u2013 VARNOST<\/a><\/p>\n<p>&nbsp;<\/p>\n","protected":false},"excerpt":{"rendered":"<p>DonChin tunel z dodatno mehko blazino.<\/p>\n<p>Material: flis, bomba\u017e, pena. Skriti \u0161ivi, pralno.<\/p>\n<p>Velikost tunela ca. 28x31cm<\/p>\n<p>Mo\u017enost namestitve tudi s \u0161\u010dipalkami, ki jih najdete med &#8220;Dodatki&#8221;. Prikaz s fotografijo.&nbsp;<\/p>\n<p><strong>Priporo\u010dam, <\/strong>da tunel po pranju vzamete iz stroja in &#8220;postavite v njegovo obliko&#8221;.<\/p>\n<p><em>Ponudnik se trudi po najbolj\u0161ih mo\u010deh prikazati&nbsp;izdelke&nbsp;\u010dim bolj&nbsp;realno. Kljub temu pa so mo\u017ena manj\u0161a&nbsp;odstopanja barv.<\/em><\/p>\n","protected":false},"featured_media":1805,"template":"","meta":{"ngg_post_thumbnail":0},"product_brand":[],"product_cat":[44],"product_tag":[],"class_list":{"0":"post-1807","1":"product","2":"type-product","3":"status-publish","4":"has-post-thumbnail","6":"product_cat-navadnituneli","8":"first","9":"outofstock","10":"shipping-taxable","11":"purchasable","12":"product-type-simple"},"_links":{"self":[{"href":"https:\/\/doncha.si\/en\/wp-json\/wp\/v2\/product\/1807","targetHints":{"allow":["GET"]}}],"collection":[{"href":"https:\/\/doncha.si\/en\/wp-json\/wp\/v2\/product"}],"about":[{"href":"https:\/\/doncha.si\/en\/wp-json\/wp\/v2\/types\/product"}],"wp:featuredmedia":[{"embeddable":true,"href":"https:\/\/doncha.si\/en\/wp-json\/wp\/v2\/media\/1805"}],"wp:attachment":[{"href":"https:\/\/doncha.si\/en\/wp-json\/wp\/v2\/media?parent=1807"}],"wp:term":[{"taxonomy":"product_brand","embeddable":true,"href":"https:\/\/doncha.si\/en\/wp-json\/wp\/v2\/product_brand?post=1807"},{"taxonomy":"product_cat","embeddable":true,"href":"https:\/\/doncha.si\/en\/wp-json\/wp\/v2\/product_cat?post=1807"},{"taxonomy":"product_tag","embeddable":true,"href":"https:\/\/doncha.si\/en\/wp-json\/wp\/v2\/product_tag?post=1807"}],"curies":[{"name":"wp","href":"https:\/\/api.w.org\/{rel}","templated":true}]}}