{"id":1546,"date":"2020-04-10T10:59:52","date_gmt":"2020-04-10T08:59:52","guid":{"rendered":"https:\/\/www.doncha.si\/?post_type=product&#038;p=1546"},"modified":"2022-06-13T10:53:45","modified_gmt":"2022-06-13T08:53:45","slug":"donchina-vreca-ribice-3","status":"publish","type":"product","link":"https:\/\/doncha.si\/en\/shop\/vrece\/vrece_vecje\/donchina-vreca-ribice-3\/","title":{"rendered":"DonChina vre\u010da &#8220;Ribice&#8221; (\u0160 27cm)"},"content":{"rendered":"<p>\u2666 Zakaj in kdo uporablja DonChino vre\u010do? <a href=\"https:\/\/www.doncha.si\/uporaba-vrece\/\">Preberi<\/a>!<br \/>\n\u2666 <a href=\"https:\/\/www.doncha.si\/uporaba-nasih-izdelkov-za-zivali-pranje-in-vzdrzevanje\/\">Pranje in vzdr\u017eevanje<\/a><br \/>\n\u2666 <a href=\"https:\/\/doncha.si\/uporaba-donchinega-pohistva-varnost\/\">Uporaba DonChinega pohi\u0161tva \u2013 VARNOST<\/a><\/p>\n<p>&nbsp;<\/p>\n","protected":false},"excerpt":{"rendered":"<p>Mere ca. : 27x29cm<br \/>\nMaterial Flis, pralno, skriti \u0161iv, obojestransko.<\/p>\n<p><em>Ponudnik se trudi po najbolj\u0161ih mo\u010deh prikazati&nbsp;izdelke&nbsp;\u010dim bolj&nbsp;realno. Kljub temu pa so mo\u017ena manj\u0161a&nbsp;odstopanja barv.<\/em><\/p>\n","protected":false},"featured_media":1544,"template":"","meta":{"ngg_post_thumbnail":0},"product_brand":[],"product_cat":[17,36],"product_tag":[],"class_list":{"0":"post-1546","1":"product","2":"type-product","3":"status-publish","4":"has-post-thumbnail","6":"product_cat-vrece","7":"product_cat-vrece_vecje","9":"first","10":"outofstock","11":"sale","12":"shipping-taxable","13":"purchasable","14":"product-type-simple"},"_links":{"self":[{"href":"https:\/\/doncha.si\/en\/wp-json\/wp\/v2\/product\/1546","targetHints":{"allow":["GET"]}}],"collection":[{"href":"https:\/\/doncha.si\/en\/wp-json\/wp\/v2\/product"}],"about":[{"href":"https:\/\/doncha.si\/en\/wp-json\/wp\/v2\/types\/product"}],"wp:featuredmedia":[{"embeddable":true,"href":"https:\/\/doncha.si\/en\/wp-json\/wp\/v2\/media\/1544"}],"wp:attachment":[{"href":"https:\/\/doncha.si\/en\/wp-json\/wp\/v2\/media?parent=1546"}],"wp:term":[{"taxonomy":"product_brand","embeddable":true,"href":"https:\/\/doncha.si\/en\/wp-json\/wp\/v2\/product_brand?post=1546"},{"taxonomy":"product_cat","embeddable":true,"href":"https:\/\/doncha.si\/en\/wp-json\/wp\/v2\/product_cat?post=1546"},{"taxonomy":"product_tag","embeddable":true,"href":"https:\/\/doncha.si\/en\/wp-json\/wp\/v2\/product_tag?post=1546"}],"curies":[{"name":"wp","href":"https:\/\/api.w.org\/{rel}","templated":true}]}}